{"id":426,"date":"2023-07-18T13:24:26","date_gmt":"2023-07-18T11:24:26","guid":{"rendered":"https:\/\/parcdelcollet.nomadfestivalxperience.es\/?page_id=426"},"modified":"2023-07-18T13:24:26","modified_gmt":"2023-07-18T11:24:26","slug":"politica-de-privacidad","status":"publish","type":"page","link":"https:\/\/parcdelcollet.nomadfestivalxperience.es\/en\/politica-de-privacidad\/","title":{"rendered":"Privacy Policy"},"content":{"rendered":"<p>At NOMADFESTIVAL MEDITERRANEO, SLU we care about privacy and transparency.<\/p>\n\n\n\n<p>Below, we indicate in detail the processing of personal data that we carry out, as well as all the information related to them.<\/p>\n\n\n\n<p>\u200b<\/p>\n\n\n\n<p><strong>Processing of customer data.&nbsp;<\/strong><strong>Basic information on Data Protection<\/strong><\/p>\n\n\n\n<p>Responsible: NOMADFESTIVAL MEDITERRANEO, SLU<\/p>\n\n\n\n<p>Purpose: Provide the requested services and send commercial communications<\/p>\n\n\n\n<p>Legitimation: Execution of a contract.<\/p>\n\n\n\n<p>&nbsp; &nbsp; &nbsp; &nbsp; &nbsp; &nbsp; &nbsp; &nbsp; &nbsp; &nbsp; &nbsp; &nbsp; &nbsp;Legitimate interest of the Controller.<\/p>\n\n\n\n<p>Recipients: Data transfers are planned to: Tax Administration; Financial entities.<\/p>\n\n\n\n<p>Rights: You have the right to access, rectify and delete data, as well as other rights, indicated in the additional information, which you can exercise by contacting the address of the data controller.<\/p>\n\n\n\n<p>Origin: The interested party himself.<\/p>\n\n\n\n<p><strong>Complete information on Data Protection<\/strong><\/p>\n\n\n\n<p><strong>\u200b<\/strong><\/p>\n\n\n\n<p><strong>1. Who is responsible for the processing of your data?<\/strong><\/p>\n\n\n\n<p>NOMADFESTIVAL MEDITERRANEO, SLU.<\/p>\n\n\n\n<p>B66745134<\/p>\n\n\n\n<p>Ramon Casas i Carbo 4 \u2013 08192 \u2013 Sant Quirze del Vall\u00e8s \u2013 Barcelona<\/p>\n\n\n\n<p><a href=\"mailto:info@nomadfestival.es\">info@nomadfestival.es<\/a><\/p>\n\n\n\n<p><strong>2. For what purpose do we process your personal data?<\/strong><\/p>\n\n\n\n<p>At NOMADFESTIVAL MEDITERRANEO, SLU we process the information provided to us by interested parties in order to carry out the administrative, accounting and tax management of the requested services, as well as send commercial communications about our products and services. No automated decisions will be made based on the data provided.<\/p>\n\n\n\n<p>\u200b<\/p>\n\n\n\n<p><strong>3. How long will we keep your data?<\/strong><\/p>\n\n\n\n<p>The data will be kept as long as the interested party does not request its deletion, and, where appropriate, for the years necessary to comply with legal obligations.<\/p>\n\n\n\n<p><strong>4. What is the legitimacy for the processing of your data?<\/strong><\/p>\n\n\n\n<p>We indicate the legal basis for the processing of your data:<\/p>\n\n\n\n<ul class=\"wp-block-list\">\n<li>Execution of a contract: Carry out the administrative, accounting and fiscal management of the requested services<\/li>\n\n\n\n<li>Legitimate interest of the Controller: Send commercial communications about our products and services<\/li>\n<\/ul>\n\n\n\n<p>\u200b<\/p>\n\n\n\n<p><strong>5. To which recipients will your data be communicated?<\/strong><\/p>\n\n\n\n<p>The data will be communicated to the following recipients:<\/p>\n\n\n\n<ul class=\"wp-block-list\">\n<li>Tax Administration, in order to comply with legal obligations<\/li>\n\n\n\n<li>Financial entities, with the purpose of issuing the corresponding receipts<\/li>\n<\/ul>\n\n\n\n<p>\u200b<\/p>\n\n\n\n<p><strong>6. Data transfers to third countries<\/strong><\/p>\n\n\n\n<p>No data transfers to third countries are planned.<\/p>\n\n\n\n<p>\u200b<\/p>\n\n\n\n<p><strong>7. What are your rights when you provide us with your data?<\/strong><\/p>\n\n\n\n<p>Anyone has the right to obtain confirmation as to whether or not NOMADFESTIVAL MEDITERRANEO, SLU is processing personal data that concerns them.<\/p>\n\n\n\n<p>Interested persons have the right to access their personal data, as well as to request the rectification of inaccurate data or, where appropriate, request its deletion when, among other reasons, the data is no longer necessary for the purposes for which it was collected. You also have the right to the portability of your data.<\/p>\n\n\n\n<p>In certain circumstances, interested parties may request the limitation of the processing of their data, in which case we will only keep them for the exercise or defense of claims.<\/p>\n\n\n\n<p>In certain circumstances and for reasons related to their particular situation, interested parties may object to the processing of their data. In this case, NOMADFESTIVAL MEDITERRANEO, SLU will stop processing the data, except for compelling legitimate reasons, or the exercise or defense of possible claims.<\/p>\n\n\n\n<p>You may exercise your rights by writing to the address of the data controller.<\/p>\n\n\n\n<p>When commercial communications are sent using the legitimate interest of the person responsible as a legal basis, the interested party may oppose the processing of their data for that purpose.<\/p>\n\n\n\n<p>If you have given your consent for a specific purpose, you have the right to withdraw the consent given at any time, without affecting the legality of the processing based on the consent prior to its withdrawal.<\/p>\n\n\n\n<p>If you feel your rights have been violated regarding the protection of your personal data, especially when you have not obtained satisfaction in the exercise of your rights, you can file a claim with the competent Data Protection Control Authority through from their website: <a href=\"http:\/\/www.aepd.es\" target=\"_blank\" rel=\"noreferrer noopener\">www.aepd.es<\/a>.<\/p>\n\n\n\n<p>\u200b<\/p>\n\n\n\n<p><strong>8. How have we obtained your data?<\/strong><\/p>\n\n\n\n<p>The personal data that we process at NOMADFESTIVAL MEDITERRANEO, SLU come from the interested party themselves.<\/p>\n\n\n\n<p>The categories of data that are processed are:<\/p>\n\n\n\n<ul class=\"wp-block-list\">\n<li>Identification data.<\/li>\n\n\n\n<li>Postal and electronic addresses.<\/li>\n\n\n\n<li>Commercial information.<\/li>\n<\/ul>","protected":false},"excerpt":{"rendered":"<p>En NOMADFESTIVAL MEDITERRANEO, SLU nos preocupamos por la privacidad y la transparencia. A continuaci\u00f3n, le indicamos en detalle los tratamientos de datos personales que realizamos, as\u00ed como toda la informaci\u00f3n relativa a los mismos. \u200b Tratamiento de los datos de clientes.&nbsp;Informaci\u00f3n b\u00e1sica sobre Protecci\u00f3n de datos Responsable: NOMADFESTIVAL MEDITERRANEO, SLU Finalidad: Prestar los servicios solicitados&hellip;&nbsp;<a href=\"https:\/\/parcdelcollet.nomadfestivalxperience.es\/en\/politica-de-privacidad\/\" class=\"\" rel=\"bookmark\">Read More &raquo;<span class=\"screen-reader-text\">Privacy Policy<\/span><\/a><\/p>","protected":false},"author":1,"featured_media":0,"parent":0,"menu_order":0,"comment_status":"closed","ping_status":"closed","template":"","meta":{"neve_meta_sidebar":"","neve_meta_container":"","neve_meta_enable_content_width":"","neve_meta_content_width":0,"neve_meta_title_alignment":"","neve_meta_author_avatar":"","neve_post_elements_order":"","neve_meta_disable_header":"","neve_meta_disable_footer":"","neve_meta_disable_title":"","neve_meta_reading_time":"","footnotes":""},"class_list":["post-426","page","type-page","status-publish","hentry"],"yoast_head":"<!-- This site is optimized with the Yoast SEO plugin v20.11 - https:\/\/yoast.com\/wordpress\/plugins\/seo\/ -->\n<title>Pol\u00edtica de privacidad - Sant Antoni de Calonge - Nomad Festival<\/title>\n<meta name=\"robots\" content=\"index, follow, max-snippet:-1, max-image-preview:large, max-video-preview:-1\" \/>\n<link rel=\"canonical\" href=\"https:\/\/parcdelcollet.nomadfestivalxperience.es\/en\/politica-de-privacidad\/\" \/>\n<meta property=\"og:locale\" content=\"en_GB\" \/>\n<meta property=\"og:type\" content=\"article\" \/>\n<meta property=\"og:title\" content=\"Pol\u00edtica de privacidad - Sant Antoni de Calonge - Nomad Festival\" \/>\n<meta property=\"og:description\" content=\"En NOMADFESTIVAL MEDITERRANEO, SLU nos preocupamos por la privacidad y la transparencia. A continuaci\u00f3n, le indicamos en detalle los tratamientos de datos personales que realizamos, as\u00ed como toda la informaci\u00f3n relativa a los mismos. \u200b Tratamiento de los datos de clientes.&nbsp;Informaci\u00f3n b\u00e1sica sobre Protecci\u00f3n de datos Responsable: NOMADFESTIVAL MEDITERRANEO, SLU Finalidad: Prestar los servicios solicitados&hellip;&nbsp;Read More &raquo;Pol\u00edtica de privacidad\" \/>\n<meta property=\"og:url\" content=\"https:\/\/parcdelcollet.nomadfestivalxperience.es\/en\/politica-de-privacidad\/\" \/>\n<meta property=\"og:site_name\" content=\"Sant Antoni de Calonge - Nomad Festival\" \/>\n<meta property=\"article:publisher\" content=\"https:\/\/www.facebook.com\/nomadfestivalbcn\" \/>\n<meta name=\"twitter:card\" content=\"summary_large_image\" \/>\n<meta name=\"twitter:label1\" content=\"Estimated reading time\" \/>\n\t<meta name=\"twitter:data1\" content=\"4 minutes\" \/>\n<script type=\"application\/ld+json\" class=\"yoast-schema-graph\">{\"@context\":\"https:\/\/schema.org\",\"@graph\":[{\"@type\":\"WebPage\",\"@id\":\"https:\/\/parcdelcollet.nomadfestivalxperience.es\/politica-de-privacidad\/\",\"url\":\"https:\/\/parcdelcollet.nomadfestivalxperience.es\/politica-de-privacidad\/\",\"name\":\"Pol\u00edtica de privacidad - Sant Antoni de Calonge - Nomad Festival\",\"isPartOf\":{\"@id\":\"https:\/\/parcdelcollet.nomadfestivalxperience.es\/#website\"},\"datePublished\":\"2023-07-18T11:24:26+00:00\",\"dateModified\":\"2023-07-18T11:24:26+00:00\",\"breadcrumb\":{\"@id\":\"https:\/\/parcdelcollet.nomadfestivalxperience.es\/politica-de-privacidad\/#breadcrumb\"},\"inLanguage\":\"en-GB\",\"potentialAction\":[{\"@type\":\"ReadAction\",\"target\":[\"https:\/\/parcdelcollet.nomadfestivalxperience.es\/politica-de-privacidad\/\"]}]},{\"@type\":\"BreadcrumbList\",\"@id\":\"https:\/\/parcdelcollet.nomadfestivalxperience.es\/politica-de-privacidad\/#breadcrumb\",\"itemListElement\":[{\"@type\":\"ListItem\",\"position\":1,\"name\":\"Portada\",\"item\":\"https:\/\/parcdelcollet.nomadfestivalxperience.es\/\"},{\"@type\":\"ListItem\",\"position\":2,\"name\":\"Pol\u00edtica de privacidad\"}]},{\"@type\":\"WebSite\",\"@id\":\"https:\/\/parcdelcollet.nomadfestivalxperience.es\/#website\",\"url\":\"https:\/\/parcdelcollet.nomadfestivalxperience.es\/\",\"name\":\"Sant Antoni de Calonge - Nomad Festival\",\"description\":\"Este Nomad Festival 2024 har\u00e1 que tus tardes de verano sean \u00fanicas: la creatividad de nuestros emprendedores, los mejores restauradores que har\u00e1n las delicias de los m\u00e1s foodies, nuestras sesiones de sunset, espect\u00e1culos de circo, danza, magia, micro teatro y conciertos diarios en los diferentes escenarios.\",\"potentialAction\":[{\"@type\":\"SearchAction\",\"target\":{\"@type\":\"EntryPoint\",\"urlTemplate\":\"https:\/\/parcdelcollet.nomadfestivalxperience.es\/?s={search_term_string}\"},\"query-input\":\"required name=search_term_string\"}],\"inLanguage\":\"en-GB\"}]}<\/script>\n<!-- \/ Yoast SEO plugin. -->","yoast_head_json":{"title":"Pol\u00edtica de privacidad - Sant Antoni de Calonge - Nomad Festival","robots":{"index":"index","follow":"follow","max-snippet":"max-snippet:-1","max-image-preview":"max-image-preview:large","max-video-preview":"max-video-preview:-1"},"canonical":"https:\/\/parcdelcollet.nomadfestivalxperience.es\/en\/politica-de-privacidad\/","og_locale":"en_GB","og_type":"article","og_title":"Pol\u00edtica de privacidad - Sant Antoni de Calonge - Nomad Festival","og_description":"En NOMADFESTIVAL MEDITERRANEO, SLU nos preocupamos por la privacidad y la transparencia. A continuaci\u00f3n, le indicamos en detalle los tratamientos de datos personales que realizamos, as\u00ed como toda la informaci\u00f3n relativa a los mismos. \u200b Tratamiento de los datos de clientes.&nbsp;Informaci\u00f3n b\u00e1sica sobre Protecci\u00f3n de datos Responsable: NOMADFESTIVAL MEDITERRANEO, SLU Finalidad: Prestar los servicios solicitados&hellip;&nbsp;Read More &raquo;Pol\u00edtica de privacidad","og_url":"https:\/\/parcdelcollet.nomadfestivalxperience.es\/en\/politica-de-privacidad\/","og_site_name":"Sant Antoni de Calonge - Nomad Festival","article_publisher":"https:\/\/www.facebook.com\/nomadfestivalbcn","twitter_card":"summary_large_image","twitter_misc":{"Estimated reading time":"4 minutes"},"schema":{"@context":"https:\/\/schema.org","@graph":[{"@type":"WebPage","@id":"https:\/\/parcdelcollet.nomadfestivalxperience.es\/politica-de-privacidad\/","url":"https:\/\/parcdelcollet.nomadfestivalxperience.es\/politica-de-privacidad\/","name":"Pol\u00edtica de privacidad - Sant Antoni de Calonge - Nomad Festival","isPartOf":{"@id":"https:\/\/parcdelcollet.nomadfestivalxperience.es\/#website"},"datePublished":"2023-07-18T11:24:26+00:00","dateModified":"2023-07-18T11:24:26+00:00","breadcrumb":{"@id":"https:\/\/parcdelcollet.nomadfestivalxperience.es\/politica-de-privacidad\/#breadcrumb"},"inLanguage":"en-GB","potentialAction":[{"@type":"ReadAction","target":["https:\/\/parcdelcollet.nomadfestivalxperience.es\/politica-de-privacidad\/"]}]},{"@type":"BreadcrumbList","@id":"https:\/\/parcdelcollet.nomadfestivalxperience.es\/politica-de-privacidad\/#breadcrumb","itemListElement":[{"@type":"ListItem","position":1,"name":"Portada","item":"https:\/\/parcdelcollet.nomadfestivalxperience.es\/"},{"@type":"ListItem","position":2,"name":"Pol\u00edtica de privacidad"}]},{"@type":"WebSite","@id":"https:\/\/parcdelcollet.nomadfestivalxperience.es\/#website","url":"https:\/\/parcdelcollet.nomadfestivalxperience.es\/","name":"Sant Antoni de Calonge - Nomad Festival","description":"Este Nomad Festival 2024 har\u00e1 que tus tardes de verano sean \u00fanicas: la creatividad de nuestros emprendedores, los mejores restauradores que har\u00e1n las delicias de los m\u00e1s foodies, nuestras sesiones de sunset, espect\u00e1culos de circo, danza, magia, micro teatro y conciertos diarios en los diferentes escenarios.","potentialAction":[{"@type":"SearchAction","target":{"@type":"EntryPoint","urlTemplate":"https:\/\/parcdelcollet.nomadfestivalxperience.es\/?s={search_term_string}"},"query-input":"required name=search_term_string"}],"inLanguage":"en-GB"}]}},"_links":{"self":[{"href":"https:\/\/parcdelcollet.nomadfestivalxperience.es\/en\/wp-json\/wp\/v2\/pages\/426","targetHints":{"allow":["GET"]}}],"collection":[{"href":"https:\/\/parcdelcollet.nomadfestivalxperience.es\/en\/wp-json\/wp\/v2\/pages"}],"about":[{"href":"https:\/\/parcdelcollet.nomadfestivalxperience.es\/en\/wp-json\/wp\/v2\/types\/page"}],"author":[{"embeddable":true,"href":"https:\/\/parcdelcollet.nomadfestivalxperience.es\/en\/wp-json\/wp\/v2\/users\/1"}],"replies":[{"embeddable":true,"href":"https:\/\/parcdelcollet.nomadfestivalxperience.es\/en\/wp-json\/wp\/v2\/comments?post=426"}],"version-history":[{"count":1,"href":"https:\/\/parcdelcollet.nomadfestivalxperience.es\/en\/wp-json\/wp\/v2\/pages\/426\/revisions"}],"predecessor-version":[{"id":427,"href":"https:\/\/parcdelcollet.nomadfestivalxperience.es\/en\/wp-json\/wp\/v2\/pages\/426\/revisions\/427"}],"wp:attachment":[{"href":"https:\/\/parcdelcollet.nomadfestivalxperience.es\/en\/wp-json\/wp\/v2\/media?parent=426"}],"curies":[{"name":"wp","href":"https:\/\/api.w.org\/{rel}","templated":true}]}}